{"id":7,"date":"2021-05-21T12:29:23","date_gmt":"2021-05-21T12:29:23","guid":{"rendered":"http:\/\/isenguerre.com\/?page_id=7"},"modified":"2021-05-25T11:58:45","modified_gmt":"2021-05-25T11:58:45","slug":"about","status":"publish","type":"page","link":"https:\/\/isenguerre.com\/?page_id=7","title":{"rendered":"A mon sujet"},"content":{"rendered":"\n<p>Informaticien dans une soci\u00e9t\u00e9 d&#8217;\u00e9dition de logiciels bas\u00e9e \u00e0 Wavre, amoureux des math\u00e9matiques et des sciences, j&#8217;aime apprendre et d\u00e9couvrir en permanence mais aussi transmettre ce que j&#8217;ai appris ou d\u00e9couvert.<\/p>\n\n\n\n<p>Vous trouverez ci-dessous quelques illustrations \u00e0 ce sujet<\/p>\n\n\n\n<div class=\"wp-block-columns\">\n<div class=\"wp-block-column\">\n<div class=\"wp-block-columns\">\n<div class=\"wp-block-column is-vertically-aligned-center\" style=\"flex-basis:33.33%\">\n<figure class=\"wp-block-image size-large\"><a href=\"https:\/\/isenguerre.com\/?page_id=52\"><img loading=\"lazy\" width=\"256\" height=\"249\" src=\"https:\/\/isenguerre.com\/wp-content\/uploads\/2021\/05\/fluzzleLogo-1.png\" alt=\"\" class=\"wp-image-44\"\/><\/a><\/figure>\n<\/div>\n\n\n\n<div class=\"wp-block-column is-vertically-aligned-center\" style=\"flex-basis:66.66%\">\n<p><a href=\"https:\/\/isenguerre.com\/?page_id=52\" data-type=\"page\" data-id=\"52\">Fluzzle.net<\/a><\/p>\n<\/div>\n<\/div>\n<\/div>\n<\/div>\n\n\n\n<div class=\"wp-block-columns\">\n<div class=\"wp-block-column\">\n<div class=\"wp-block-columns\">\n<div class=\"wp-block-column\" style=\"flex-basis:33.33%\">\n<figure class=\"wp-block-image size-large\"><a href=\"https:\/\/isenguerre.com\/?page_id=60\"><img loading=\"lazy\" width=\"256\" height=\"256\" src=\"https:\/\/isenguerre.com\/wp-content\/uploads\/2021\/05\/bdLogo.png\" alt=\"\" class=\"wp-image-39\" srcset=\"https:\/\/isenguerre.com\/wp-content\/uploads\/2021\/05\/bdLogo.png 256w, https:\/\/isenguerre.com\/wp-content\/uploads\/2021\/05\/bdLogo-150x150.png 150w, https:\/\/isenguerre.com\/wp-content\/uploads\/2021\/05\/bdLogo-100x100.png 100w\" sizes=\"(max-width: 256px) 100vw, 256px\" \/><\/a><\/figure>\n<\/div>\n\n\n\n<div class=\"wp-block-column is-vertically-aligned-center\" style=\"flex-basis:66.66%\">\n<p><a href=\"https:\/\/isenguerre.com\/?page_id=60\" data-type=\"page\" data-id=\"60\">Le dessin et la sc\u00e9narisation<\/a><\/p>\n<\/div>\n<\/div>\n<\/div>\n<\/div>\n\n\n\n<div class=\"wp-block-columns\">\n<div class=\"wp-block-column\">\n<div class=\"wp-block-columns\">\n<div class=\"wp-block-column\" style=\"flex-basis:33.33%\">\n<figure class=\"wp-block-image size-large is-style-default\"><a href=\"https:\/\/isenguerre.com\/?page_id=41\"><img loading=\"lazy\" width=\"256\" height=\"256\" src=\"https:\/\/isenguerre.com\/wp-content\/uploads\/2021\/05\/mathCoursesLogo.png\" alt=\"\" class=\"wp-image-42\" srcset=\"https:\/\/isenguerre.com\/wp-content\/uploads\/2021\/05\/mathCoursesLogo.png 256w, https:\/\/isenguerre.com\/wp-content\/uploads\/2021\/05\/mathCoursesLogo-150x150.png 150w, https:\/\/isenguerre.com\/wp-content\/uploads\/2021\/05\/mathCoursesLogo-100x100.png 100w\" sizes=\"(max-width: 256px) 100vw, 256px\" \/><\/a><\/figure>\n<\/div>\n\n\n\n<div class=\"wp-block-column is-vertically-aligned-center\" style=\"flex-basis:66.66%\">\n<p><a href=\"https:\/\/isenguerre.com\/?page_id=41\" data-type=\"page\" data-id=\"41\">Cours de math\u00e9matiques et de programmation<\/a><\/p>\n<\/div>\n<\/div>\n<\/div>\n<\/div>\n\n\n\n<p><\/p>\n","protected":false},"excerpt":{"rendered":"<p>Informaticien dans une soci\u00e9t\u00e9 d&#8217;\u00e9dition de logiciels bas\u00e9e \u00e0 Wavre, amoureux des math\u00e9matiques et des sciences, j&#8217;aime apprendre et d\u00e9couvrir en permanence mais aussi transmettre ce que j&#8217;ai appris ou d\u00e9couvert. Vous trouverez ci-dessous quelques illustrations \u00e0 ce sujet<\/p>\n","protected":false},"author":1,"featured_media":0,"parent":0,"menu_order":0,"comment_status":"closed","ping_status":"closed","template":"","meta":{"ngg_post_thumbnail":0},"_links":{"self":[{"href":"https:\/\/isenguerre.com\/index.php?rest_route=\/wp\/v2\/pages\/7"}],"collection":[{"href":"https:\/\/isenguerre.com\/index.php?rest_route=\/wp\/v2\/pages"}],"about":[{"href":"https:\/\/isenguerre.com\/index.php?rest_route=\/wp\/v2\/types\/page"}],"author":[{"embeddable":true,"href":"https:\/\/isenguerre.com\/index.php?rest_route=\/wp\/v2\/users\/1"}],"replies":[{"embeddable":true,"href":"https:\/\/isenguerre.com\/index.php?rest_route=%2Fwp%2Fv2%2Fcomments&post=7"}],"version-history":[{"count":10,"href":"https:\/\/isenguerre.com\/index.php?rest_route=\/wp\/v2\/pages\/7\/revisions"}],"predecessor-version":[{"id":100,"href":"https:\/\/isenguerre.com\/index.php?rest_route=\/wp\/v2\/pages\/7\/revisions\/100"}],"wp:attachment":[{"href":"https:\/\/isenguerre.com\/index.php?rest_route=%2Fwp%2Fv2%2Fmedia&parent=7"}],"curies":[{"name":"wp","href":"https:\/\/api.w.org\/{rel}","templated":true}]}}