{"id":60,"date":"2021-05-24T22:26:32","date_gmt":"2021-05-24T22:26:32","guid":{"rendered":"https:\/\/isenguerre.com\/?page_id=60"},"modified":"2021-05-25T11:49:43","modified_gmt":"2021-05-25T11:49:43","slug":"le-dessin-la-scenarisation","status":"publish","type":"page","link":"https:\/\/isenguerre.com\/?page_id=60","title":{"rendered":"Le dessin, la sc\u00e9narisation"},"content":{"rendered":"\n<p>Je l&#8217;affirme avec fiert\u00e9: j&#8217;ai appris \u00e0 lire avec les bandes dessin\u00e9es !<\/p>\n\n\n\n<p>C&#8217;est un monde qui m&#8217;a toujours fascin\u00e9 et c&#8217;est avec une r\u00e9elle \u00e9motion que j&#8217;ai eu un jour la chance d&#8217;en faire un peu partie, gr\u00e2ce au talent de mon complice <a href=\"https:\/\/www.bedetheque.com\/auteur-40673-BD-Roy-Martin.html\">Martin Roy<\/a>, bas\u00e9 \u00e0 Montr\u00e9al.<\/p>\n\n\n\n<p>Apr\u00e8s avoir gagn\u00e9 un concours au Canada, nous avons en effet \u00e9t\u00e9 publi\u00e9s sous forme de strips sur la version en ligne d&#8217;un journal du groupe Sympatico de la Belle Province, une exp\u00e9rience inoubliable.<\/p>\n\n\n\n<p><a href=\"https:\/\/www.bedetheque.com\/auteur-40673-BD-Roy-Martin.html\">Martin Roy<\/a> au dessin, <a href=\"https:\/\/www.bedetheque.com\/auteur-10247-BD-Arilla-Nathalie.html\">Nathalie Arilla<\/a> aux couleurs, votre serviteur au sc\u00e9nario<\/p>\n\n\n\n<p>Je vous livre ici quelques exemples de notre s\u00e9rie<\/p>\n\n\n\n<div class=\"wp-block-columns\">\n<div class=\"wp-block-column\" style=\"flex-basis:100%\">\n<!-- default-view.php -->\n<div\n\tclass=\"ngg-galleryoverview default-view \"\n\tid=\"ngg-gallery-33245cef03aac5b02637e09687ac0232-1\">\n\n\t\t<!-- Thumbnails -->\n\t\t\t\t<div id=\"ngg-image-0\" class=\"ngg-gallery-thumbnail-box \" >\n\t\t\t\t        <div class=\"ngg-gallery-thumbnail\">\n            <a href=\"https:\/\/isenguerre.com\/wp-content\/gallery\/faldo\/faldo_preoccupe_750_178.jpg\"\n               title=\"\"\n               data-src=\"https:\/\/isenguerre.com\/wp-content\/gallery\/faldo\/faldo_preoccupe_750_178.jpg\"\n               data-thumbnail=\"https:\/\/isenguerre.com\/wp-content\/gallery\/faldo\/thumbs\/thumbs_faldo_preoccupe_750_178.jpg\"\n               data-image-id=\"1\"\n               data-title=\"Dis &quot;Plomate !&quot;\"\n               data-description=\"\"\n               data-image-slug=\"faldo_preoccupe_750_178\"\n               class=\"ngg-simplelightbox\" rel=\"33245cef03aac5b02637e09687ac0232\">\n                <img\n                    title=\"Dis &quot;Plomate !&quot;\"\n                    alt=\"Dis &quot;Plomate !&quot;\"\n                    src=\"https:\/\/isenguerre.com\/wp-content\/gallery\/faldo\/thumbs\/thumbs_faldo_preoccupe_750_178.jpg\"\n                    width=\"240\"\n                    height=\"160\"\n                    style=\"max-width:100%;\"\n                \/>\n            <\/a>\n        <\/div>\n\t\t\t\t\t\t\t<\/div> \n\t\t\t\n\t\t\t\t<div id=\"ngg-image-1\" class=\"ngg-gallery-thumbnail-box \" >\n\t\t\t\t        <div class=\"ngg-gallery-thumbnail\">\n            <a href=\"https:\/\/isenguerre.com\/wp-content\/gallery\/faldo\/faldo_toboggan_750_179.jpg\"\n               title=\"\"\n               data-src=\"https:\/\/isenguerre.com\/wp-content\/gallery\/faldo\/faldo_toboggan_750_179.jpg\"\n               data-thumbnail=\"https:\/\/isenguerre.com\/wp-content\/gallery\/faldo\/thumbs\/thumbs_faldo_toboggan_750_179.jpg\"\n               data-image-id=\"2\"\n               data-title=\"Toboggan\"\n               data-description=\"\"\n               data-image-slug=\"faldo_toboggan_750_179\"\n               class=\"ngg-simplelightbox\" rel=\"33245cef03aac5b02637e09687ac0232\">\n                <img\n                    title=\"Toboggan\"\n                    alt=\"Toboggan\"\n                    src=\"https:\/\/isenguerre.com\/wp-content\/gallery\/faldo\/thumbs\/thumbs_faldo_toboggan_750_179.jpg\"\n                    width=\"240\"\n                    height=\"160\"\n                    style=\"max-width:100%;\"\n                \/>\n            <\/a>\n        <\/div>\n\t\t\t\t\t\t\t<\/div> \n\t\t\t\n\t\t\t\t<div id=\"ngg-image-2\" class=\"ngg-gallery-thumbnail-box \" >\n\t\t\t\t        <div class=\"ngg-gallery-thumbnail\">\n            <a href=\"https:\/\/isenguerre.com\/wp-content\/gallery\/faldo\/faldo_repassage_750_178.jpg\"\n               title=\"\"\n               data-src=\"https:\/\/isenguerre.com\/wp-content\/gallery\/faldo\/faldo_repassage_750_178.jpg\"\n               data-thumbnail=\"https:\/\/isenguerre.com\/wp-content\/gallery\/faldo\/thumbs\/thumbs_faldo_repassage_750_178.jpg\"\n               data-image-id=\"3\"\n               data-title=\"Pour le changement, tu repasseras\"\n               data-description=\"\"\n               data-image-slug=\"faldo_repassage_750_178\"\n               class=\"ngg-simplelightbox\" rel=\"33245cef03aac5b02637e09687ac0232\">\n                <img\n                    title=\"Pour le changement, tu repasseras\"\n                    alt=\"Pour le changement, tu repasseras\"\n                    src=\"https:\/\/isenguerre.com\/wp-content\/gallery\/faldo\/thumbs\/thumbs_faldo_repassage_750_178.jpg\"\n                    width=\"240\"\n                    height=\"160\"\n                    style=\"max-width:100%;\"\n                \/>\n            <\/a>\n        <\/div>\n\t\t\t\t\t\t\t<\/div> \n\t\t\t\n\t\t\t\t<div id=\"ngg-image-3\" class=\"ngg-gallery-thumbnail-box \" >\n\t\t\t\t        <div class=\"ngg-gallery-thumbnail\">\n            <a href=\"https:\/\/isenguerre.com\/wp-content\/gallery\/faldo\/faldo_entrevue_v2_750_178.jpg\"\n               title=\"\"\n               data-src=\"https:\/\/isenguerre.com\/wp-content\/gallery\/faldo\/faldo_entrevue_v2_750_178.jpg\"\n               data-thumbnail=\"https:\/\/isenguerre.com\/wp-content\/gallery\/faldo\/thumbs\/thumbs_faldo_entrevue_v2_750_178.jpg\"\n               data-image-id=\"4\"\n               data-title=\"L&#039;interview\"\n               data-description=\"\"\n               data-image-slug=\"faldo_entrevue_v2_750_178\"\n               class=\"ngg-simplelightbox\" rel=\"33245cef03aac5b02637e09687ac0232\">\n                <img\n                    title=\"L&#039;interview\"\n                    alt=\"L&#039;interview\"\n                    src=\"https:\/\/isenguerre.com\/wp-content\/gallery\/faldo\/thumbs\/thumbs_faldo_entrevue_v2_750_178.jpg\"\n                    width=\"240\"\n                    height=\"160\"\n                    style=\"max-width:100%;\"\n                \/>\n            <\/a>\n        <\/div>\n\t\t\t\t\t\t\t<\/div> \n\t\t\t\n\t\t\t\t<div id=\"ngg-image-4\" class=\"ngg-gallery-thumbnail-box \" >\n\t\t\t\t        <div class=\"ngg-gallery-thumbnail\">\n            <a href=\"https:\/\/isenguerre.com\/wp-content\/gallery\/faldo\/faldo_robe_750_178.jpg\"\n               title=\"\"\n               data-src=\"https:\/\/isenguerre.com\/wp-content\/gallery\/faldo\/faldo_robe_750_178.jpg\"\n               data-thumbnail=\"https:\/\/isenguerre.com\/wp-content\/gallery\/faldo\/thumbs\/thumbs_faldo_robe_750_178.jpg\"\n               data-image-id=\"5\"\n               data-title=\"Ah ces hommes\"\n               data-description=\"\"\n               data-image-slug=\"faldo_robe_750_178\"\n               class=\"ngg-simplelightbox\" rel=\"33245cef03aac5b02637e09687ac0232\">\n                <img\n                    title=\"Ah ces hommes\"\n                    alt=\"Ah ces hommes\"\n                    src=\"https:\/\/isenguerre.com\/wp-content\/gallery\/faldo\/thumbs\/thumbs_faldo_robe_750_178.jpg\"\n                    width=\"240\"\n                    height=\"160\"\n                    style=\"max-width:100%;\"\n                \/>\n            <\/a>\n        <\/div>\n\t\t\t\t\t\t\t<\/div> \n\t\t\t\n\t\t\t\t<div id=\"ngg-image-5\" class=\"ngg-gallery-thumbnail-box \" >\n\t\t\t\t        <div class=\"ngg-gallery-thumbnail\">\n            <a href=\"https:\/\/isenguerre.com\/wp-content\/gallery\/faldo\/faldo_enceintes_750_177_96.jpg\"\n               title=\"\"\n               data-src=\"https:\/\/isenguerre.com\/wp-content\/gallery\/faldo\/faldo_enceintes_750_177_96.jpg\"\n               data-thumbnail=\"https:\/\/isenguerre.com\/wp-content\/gallery\/faldo\/thumbs\/thumbs_faldo_enceintes_750_177_96.jpg\"\n               data-image-id=\"6\"\n               data-title=\"5.1 ou 7.1 ?\"\n               data-description=\"\"\n               data-image-slug=\"faldo_enceintes_750_177_96\"\n               class=\"ngg-simplelightbox\" rel=\"33245cef03aac5b02637e09687ac0232\">\n                <img\n                    title=\"5.1 ou 7.1 ?\"\n                    alt=\"5.1 ou 7.1 ?\"\n                    src=\"https:\/\/isenguerre.com\/wp-content\/gallery\/faldo\/thumbs\/thumbs_faldo_enceintes_750_177_96.jpg\"\n                    width=\"240\"\n                    height=\"160\"\n                    style=\"max-width:100%;\"\n                \/>\n            <\/a>\n        <\/div>\n\t\t\t\t\t\t\t<\/div> \n\t\t\t\n\t\t\t\t<div id=\"ngg-image-6\" class=\"ngg-gallery-thumbnail-box \" >\n\t\t\t\t        <div class=\"ngg-gallery-thumbnail\">\n            <a href=\"https:\/\/isenguerre.com\/wp-content\/gallery\/faldo\/faldo_souhait_750_177.jpg\"\n               title=\"\"\n               data-src=\"https:\/\/isenguerre.com\/wp-content\/gallery\/faldo\/faldo_souhait_750_177.jpg\"\n               data-thumbnail=\"https:\/\/isenguerre.com\/wp-content\/gallery\/faldo\/thumbs\/thumbs_faldo_souhait_750_177.jpg\"\n               data-image-id=\"7\"\n               data-title=\"A tes souhaits\"\n               data-description=\"\"\n               data-image-slug=\"faldo_souhait_750_177\"\n               class=\"ngg-simplelightbox\" rel=\"33245cef03aac5b02637e09687ac0232\">\n                <img\n                    title=\"A tes souhaits\"\n                    alt=\"A tes souhaits\"\n                    src=\"https:\/\/isenguerre.com\/wp-content\/gallery\/faldo\/thumbs\/thumbs_faldo_souhait_750_177.jpg\"\n                    width=\"240\"\n                    height=\"160\"\n                    style=\"max-width:100%;\"\n                \/>\n            <\/a>\n        <\/div>\n\t\t\t\t\t\t\t<\/div> \n\t\t\t\n\t\t\t\t<div id=\"ngg-image-7\" class=\"ngg-gallery-thumbnail-box \" >\n\t\t\t\t        <div class=\"ngg-gallery-thumbnail\">\n            <a href=\"https:\/\/isenguerre.com\/wp-content\/gallery\/faldo\/faldo_chat_750_178_96.jpg\"\n               title=\"\"\n               data-src=\"https:\/\/isenguerre.com\/wp-content\/gallery\/faldo\/faldo_chat_750_178_96.jpg\"\n               data-thumbnail=\"https:\/\/isenguerre.com\/wp-content\/gallery\/faldo\/thumbs\/thumbs_faldo_chat_750_178_96.jpg\"\n               data-image-id=\"8\"\n               data-title=\"Des relations hommes-femmes\"\n               data-description=\"\"\n               data-image-slug=\"faldo_chat_750_178_96\"\n               class=\"ngg-simplelightbox\" rel=\"33245cef03aac5b02637e09687ac0232\">\n                <img\n                    title=\"Des relations hommes-femmes\"\n                    alt=\"Des relations hommes-femmes\"\n                    src=\"https:\/\/isenguerre.com\/wp-content\/gallery\/faldo\/thumbs\/thumbs_faldo_chat_750_178_96.jpg\"\n                    width=\"240\"\n                    height=\"160\"\n                    style=\"max-width:100%;\"\n                \/>\n            <\/a>\n        <\/div>\n\t\t\t\t\t\t\t<\/div> \n\t\t\t\n\t\t\t\t<div id=\"ngg-image-8\" class=\"ngg-gallery-thumbnail-box \" >\n\t\t\t\t        <div class=\"ngg-gallery-thumbnail\">\n            <a href=\"https:\/\/isenguerre.com\/wp-content\/gallery\/faldo\/faldo_cr_v2_750_179.jpg\"\n               title=\"\"\n               data-src=\"https:\/\/isenguerre.com\/wp-content\/gallery\/faldo\/faldo_cr_v2_750_179.jpg\"\n               data-thumbnail=\"https:\/\/isenguerre.com\/wp-content\/gallery\/faldo\/thumbs\/thumbs_faldo_cr_v2_750_179.jpg\"\n               data-image-id=\"9\"\n               data-title=\"La spirale infernale\"\n               data-description=\"\"\n               data-image-slug=\"faldo_cr_v2_750_179\"\n               class=\"ngg-simplelightbox\" rel=\"33245cef03aac5b02637e09687ac0232\">\n                <img\n                    title=\"La spirale infernale\"\n                    alt=\"La spirale infernale\"\n                    src=\"https:\/\/isenguerre.com\/wp-content\/gallery\/faldo\/thumbs\/thumbs_faldo_cr_v2_750_179.jpg\"\n                    width=\"240\"\n                    height=\"160\"\n                    style=\"max-width:100%;\"\n                \/>\n            <\/a>\n        <\/div>\n\t\t\t\t\t\t\t<\/div> \n\t\t\t\n\t\t\t\t<div id=\"ngg-image-9\" class=\"ngg-gallery-thumbnail-box \" >\n\t\t\t\t        <div class=\"ngg-gallery-thumbnail\">\n            <a href=\"https:\/\/isenguerre.com\/wp-content\/gallery\/faldo\/faldo_rassurant_96_750_177.jpg\"\n               title=\"\"\n               data-src=\"https:\/\/isenguerre.com\/wp-content\/gallery\/faldo\/faldo_rassurant_96_750_177.jpg\"\n               data-thumbnail=\"https:\/\/isenguerre.com\/wp-content\/gallery\/faldo\/thumbs\/thumbs_faldo_rassurant_96_750_177.jpg\"\n               data-image-id=\"10\"\n               data-title=\"Pas la m\u00eame chose\"\n               data-description=\"\"\n               data-image-slug=\"faldo_rassurant_96_750_177\"\n               class=\"ngg-simplelightbox\" rel=\"33245cef03aac5b02637e09687ac0232\">\n                <img\n                    title=\"Pas la m\u00eame chose\"\n                    alt=\"Pas la m\u00eame chose\"\n                    src=\"https:\/\/isenguerre.com\/wp-content\/gallery\/faldo\/thumbs\/thumbs_faldo_rassurant_96_750_177.jpg\"\n                    width=\"240\"\n                    height=\"160\"\n                    style=\"max-width:100%;\"\n                \/>\n            <\/a>\n        <\/div>\n\t\t\t\t\t\t\t<\/div> \n\t\t\t\n\t\n\t<br style=\"clear: both\" \/>\n\n\t\n\t\t<!-- Pagination -->\n\t<div class='ngg-clear'><\/div>\t<\/div>\n\n<\/div>\n<\/div>\n\n\n\n<p><\/p>\n","protected":false},"excerpt":{"rendered":"<p>Je l&#8217;affirme avec fiert\u00e9: j&#8217;ai appris \u00e0 lire avec les bandes dessin\u00e9es ! C&#8217;est un monde qui m&#8217;a toujours fascin\u00e9 et c&#8217;est avec une r\u00e9elle \u00e9motion que j&#8217;ai eu un jour la chance d&#8217;en faire un peu partie, gr\u00e2ce au talent de mon complice Martin Roy, bas\u00e9 \u00e0 Montr\u00e9al. Apr\u00e8s avoir gagn\u00e9 un concours au &hellip; <\/p>\n<p class=\"link-more\"><a href=\"https:\/\/isenguerre.com\/?page_id=60\" class=\"more-link\">Continue reading<span class=\"screen-reader-text\"> &#8220;Le dessin, la sc\u00e9narisation&#8221;<\/span><\/a><\/p>\n","protected":false},"author":1,"featured_media":0,"parent":0,"menu_order":0,"comment_status":"closed","ping_status":"closed","template":"","meta":{"ngg_post_thumbnail":0},"_links":{"self":[{"href":"https:\/\/isenguerre.com\/index.php?rest_route=\/wp\/v2\/pages\/60"}],"collection":[{"href":"https:\/\/isenguerre.com\/index.php?rest_route=\/wp\/v2\/pages"}],"about":[{"href":"https:\/\/isenguerre.com\/index.php?rest_route=\/wp\/v2\/types\/page"}],"author":[{"embeddable":true,"href":"https:\/\/isenguerre.com\/index.php?rest_route=\/wp\/v2\/users\/1"}],"replies":[{"embeddable":true,"href":"https:\/\/isenguerre.com\/index.php?rest_route=%2Fwp%2Fv2%2Fcomments&post=60"}],"version-history":[{"count":4,"href":"https:\/\/isenguerre.com\/index.php?rest_route=\/wp\/v2\/pages\/60\/revisions"}],"predecessor-version":[{"id":96,"href":"https:\/\/isenguerre.com\/index.php?rest_route=\/wp\/v2\/pages\/60\/revisions\/96"}],"wp:attachment":[{"href":"https:\/\/isenguerre.com\/index.php?rest_route=%2Fwp%2Fv2%2Fmedia&parent=60"}],"curies":[{"name":"wp","href":"https:\/\/api.w.org\/{rel}","templated":true}]}}