{"id":52,"date":"2021-05-24T21:49:02","date_gmt":"2021-05-24T21:49:02","guid":{"rendered":"https:\/\/isenguerre.com\/?page_id=52"},"modified":"2021-05-24T22:00:33","modified_gmt":"2021-05-24T22:00:33","slug":"fluzzle-net","status":"publish","type":"page","link":"https:\/\/isenguerre.com\/?page_id=52","title":{"rendered":"Fluzzle.net"},"content":{"rendered":"\n<p>Mon Papa avait l&#8217;habitude de sculpter des bouts de bois et il m&#8217;arrivait de jouer avec ces bouts de bois. Des plaisirs simples mais fascinants qui me reviennent souvent.<\/p>\n\n\n\n<p>Dans un esprit d&#8217;auto-formation permanente en informatique, j&#8217;ai eu un jour l&#8217;envie de concevoir \u00e0 mon tour un jouet pour mes propres enfants. Avec les moyens qui sont les miens, je leur ai programm\u00e9 un logiciel pour leur permettre de cr\u00e9er des puzzles avec les images de leur choix.<\/p>\n\n\n\n<p>Comment souvent avec les enfants, ils sont assez vite pass\u00e9s \u00e0 autre chose :). Mais le moteur de jeux \u00e9tait l\u00e0. Pour ne pas le perdre, et toujours dans un esprit d&#8217;auto-formation permanente, j&#8217;ai d\u00e9cid\u00e9 de l&#8217;offrir \u00e0 la communaut\u00e9, sous forme d&#8217;une page internet gratuite.<\/p>\n\n\n\n<p>Fluzzle.net \u00e9tait n\u00e9.<\/p>\n\n\n\n<figure class=\"wp-block-image size-large\"><img loading=\"lazy\" width=\"800\" height=\"369\" src=\"https:\/\/isenguerre.com\/wp-content\/uploads\/2021\/05\/fluzzle800.png\" alt=\"\" class=\"wp-image-55\" srcset=\"https:\/\/isenguerre.com\/wp-content\/uploads\/2021\/05\/fluzzle800.png 800w, https:\/\/isenguerre.com\/wp-content\/uploads\/2021\/05\/fluzzle800-300x138.png 300w, https:\/\/isenguerre.com\/wp-content\/uploads\/2021\/05\/fluzzle800-768x354.png 768w\" sizes=\"(max-width: 767px) 89vw, (max-width: 1000px) 54vw, (max-width: 1071px) 543px, 580px\" \/><\/figure>\n\n\n\n<p>Depuis, il a \u00e9t\u00e9 reprogramm\u00e9 plusieurs fois pour suivre les \u00e9volutions technologiques.<\/p>\n\n\n\n<p>Et sur base du bouche \u00e0 oreille, c&#8217;est avec plaisir que je constate aujourd&#8217;hui que plusieurs centaines de milliers de puzzles y ont \u00e9t\u00e9 cr\u00e9\u00e9s et jou\u00e9s, aux 4 coins du monde.<\/p>\n\n\n\n<p>A ma connaissance, il reste aussi \u00e0 ce jour le seul site qui permette de r\u00e9aliser des puzzles \u00e0 partir de vid\u00e9os, avec le son !<\/p>\n\n\n\n<p>Amusez-vous bien !<\/p>\n\n\n\n<p><a href=\"https:\/\/www.fluzzle.net\">https:\/\/www.fluzzle.net<\/a><\/p>\n\n\n\n<p><\/p>\n","protected":false},"excerpt":{"rendered":"<p>Mon Papa avait l&#8217;habitude de sculpter des bouts de bois et il m&#8217;arrivait de jouer avec ces bouts de bois. Des plaisirs simples mais fascinants qui me reviennent souvent. Dans un esprit d&#8217;auto-formation permanente en informatique, j&#8217;ai eu un jour l&#8217;envie de concevoir \u00e0 mon tour un jouet pour mes propres enfants. Avec les moyens &hellip; <\/p>\n<p class=\"link-more\"><a href=\"https:\/\/isenguerre.com\/?page_id=52\" class=\"more-link\">Continue reading<span class=\"screen-reader-text\"> &#8220;Fluzzle.net&#8221;<\/span><\/a><\/p>\n","protected":false},"author":1,"featured_media":0,"parent":0,"menu_order":0,"comment_status":"closed","ping_status":"closed","template":"","meta":{"ngg_post_thumbnail":0},"_links":{"self":[{"href":"https:\/\/isenguerre.com\/index.php?rest_route=\/wp\/v2\/pages\/52"}],"collection":[{"href":"https:\/\/isenguerre.com\/index.php?rest_route=\/wp\/v2\/pages"}],"about":[{"href":"https:\/\/isenguerre.com\/index.php?rest_route=\/wp\/v2\/types\/page"}],"author":[{"embeddable":true,"href":"https:\/\/isenguerre.com\/index.php?rest_route=\/wp\/v2\/users\/1"}],"replies":[{"embeddable":true,"href":"https:\/\/isenguerre.com\/index.php?rest_route=%2Fwp%2Fv2%2Fcomments&post=52"}],"version-history":[{"count":2,"href":"https:\/\/isenguerre.com\/index.php?rest_route=\/wp\/v2\/pages\/52\/revisions"}],"predecessor-version":[{"id":56,"href":"https:\/\/isenguerre.com\/index.php?rest_route=\/wp\/v2\/pages\/52\/revisions\/56"}],"wp:attachment":[{"href":"https:\/\/isenguerre.com\/index.php?rest_route=%2Fwp%2Fv2%2Fmedia&parent=52"}],"curies":[{"name":"wp","href":"https:\/\/api.w.org\/{rel}","templated":true}]}}